{"id":12,"date":"2023-06-24T22:59:07","date_gmt":"2023-06-24T22:59:07","guid":{"rendered":"https:\/\/www.fuisteinvitado.com\/web\/?page_id=12"},"modified":"2023-07-20T21:45:39","modified_gmt":"2023-07-20T21:45:39","slug":"centro-de-ayuda","status":"publish","type":"page","link":"https:\/\/www.fuisteinvitado.com\/web\/centro-de-ayuda\/","title":{"rendered":"Centro de ayuda"},"content":{"rendered":"\t\t<div data-elementor-type=\"wp-page\" data-elementor-id=\"12\" class=\"elementor elementor-12\">\n\t\t\t\t<div class=\"elementor-element elementor-element-9a548c8 e-flex e-con-boxed e-con e-parent\" data-id=\"9a548c8\" data-element_type=\"container\">\n\t\t\t\t\t<div class=\"e-con-inner\">\n\t\t\t\t<div class=\"elementor-element elementor-element-9748e60 elementor-widget elementor-widget-heading\" data-id=\"9748e60\" data-element_type=\"widget\" data-widget_type=\"heading.default\">\n\t\t\t\t<div class=\"elementor-widget-container\">\n\t\t\t<h2 class=\"elementor-heading-title elementor-size-default\">Preguntas frecuentes<\/h2>\t\t<\/div>\n\t\t\t\t<\/div>\n\t\t\t\t\t<\/div>\n\t\t\t\t<\/div>\n\t\t<div class=\"elementor-element elementor-element-c9429a2 e-flex e-con-boxed e-con e-parent\" data-id=\"c9429a2\" data-element_type=\"container\">\n\t\t\t\t\t<div class=\"e-con-inner\">\n\t\t<div class=\"elementor-element elementor-element-18a0d81 e-con-full e-flex e-con e-parent\" data-id=\"18a0d81\" data-element_type=\"container\">\n\t\t\t\t<div class=\"elementor-element elementor-element-2bfebd3 elementor-widget elementor-widget-accordion\" data-id=\"2bfebd3\" data-element_type=\"widget\" data-widget_type=\"accordion.default\">\n\t\t\t\t<div class=\"elementor-widget-container\">\n\t\t\t<div class=\"ft-accordion elementor-accordion\" role=\"tablist\"><div class=\"ft-accordion-item elementor-accordion-item\"><h5 id=\"elementor-tab-title-4611\" class=\"ft-tab-title elementor-tab-title\" data-tab=\"1\" role=\"tab\"><a class=\"ft-accordion-title elementor-accordion-title\" href=\"\">\u00bfQu\u00e9 es una invitaci\u00f3n digital? <span class=\"accordion-icon\"><i class=\"css-arrow\"><\/i><\/span><\/a><\/h5><div id=\"elementor-tab-content-4611\" class=\"ft-tab-content elementor-tab-content elementor-clearfix\" data-tab=\"1\" role=\"tabpanel\"><p style=\"text-align: justify;\">Es la forma m\u00e1s r\u00e1pida, elegante y novedosa de hacer llegar a tus invitados los detalles de uno de los d\u00eda m\u00e1s importantes de tu vida.<br \/>Nuestro entregable es un link a una p\u00e1gina web con la informaci\u00f3n de su evento de acuerdo al plan contratado. Para el paquete 2 se entrega un archivo PDF con el dise\u00f1o aprobado.<\/p><p style=\"text-align: justify;\">Con la ventaja de poder tener el listado de confirmaci\u00f3n de asistencia de tus invitados.<br \/>Tus invitados desde un solo click podr\u00e1n ir a google maps para saber c\u00f3mo llegar a tu evento.<br \/>Adem\u00e1s, si es necesario actualizar alg\u00fan dato, no necesitas hacer gastos extras.<\/p><\/div><\/div><div class=\"ft-accordion-item elementor-accordion-item\"><h5 id=\"elementor-tab-title-4612\" class=\"ft-tab-title elementor-tab-title\" data-tab=\"2\" role=\"tab\"><a class=\"ft-accordion-title elementor-accordion-title\" href=\"\">\u00bfCu\u00e1nto tiempo est\u00e1 visible mi invitaci\u00f3n? <span class=\"accordion-icon\"><i class=\"css-arrow\"><\/i><\/span><\/a><\/h5><div id=\"elementor-tab-content-4612\" class=\"ft-tab-content elementor-tab-content elementor-clearfix\" data-tab=\"2\" role=\"tabpanel\"><p>Nuestra empresa se compromete tener su invitaci\u00f3n disponible v\u00eda web a partir de que se contrata y hasta un mes despu\u00e9s del evento.<\/p><\/div><\/div><\/div>\t\t<\/div>\n\t\t\t\t<\/div>\n\t\t\t\t<\/div>\n\t\t<div class=\"elementor-element elementor-element-d804c41 e-con-full e-flex e-con e-parent\" data-id=\"d804c41\" data-element_type=\"container\">\n\t\t\t\t<div class=\"elementor-element elementor-element-7e89770 elementor-widget elementor-widget-accordion\" data-id=\"7e89770\" data-element_type=\"widget\" data-widget_type=\"accordion.default\">\n\t\t\t\t<div class=\"elementor-widget-container\">\n\t\t\t<div class=\"ft-accordion elementor-accordion\" role=\"tablist\"><div class=\"ft-accordion-item elementor-accordion-item\"><h5 id=\"elementor-tab-title-1321\" class=\"ft-tab-title elementor-tab-title\" data-tab=\"1\" role=\"tab\"><a class=\"ft-accordion-title elementor-accordion-title\" href=\"\">\u00bfC\u00f3mo puedo contratar el servicio? <span class=\"accordion-icon\"><i class=\"css-arrow\"><\/i><\/span><\/a><\/h5><div id=\"elementor-tab-content-1321\" class=\"ft-tab-content elementor-tab-content elementor-clearfix\" data-tab=\"1\" role=\"tabpanel\"><p style=\"text-align: justify;\">Para contratar puedes dejar tus datos para contactarte, o bien llamar al tel\u00e9fono 81 8647 1725, o enviar un correo directo a ventas@tukulsoft.com.<br \/>De este modo podemos atenderte, para conocer tu evento y saber la forma correcta de ayudarte.<\/p><p style=\"text-align: justify;\">** Al contratar te entregaremos un listado de la informaci\u00f3n necesaria para crear tu invitaci\u00f3n digital.<\/p><\/div><\/div><div class=\"ft-accordion-item elementor-accordion-item\"><h5 id=\"elementor-tab-title-1322\" class=\"ft-tab-title elementor-tab-title\" data-tab=\"2\" role=\"tab\"><a class=\"ft-accordion-title elementor-accordion-title\" href=\"\">\u00bfQu\u00e9 paquete me conviene m\u00e1s? <span class=\"accordion-icon\"><i class=\"css-arrow\"><\/i><\/span><\/a><\/h5><div id=\"elementor-tab-content-1322\" class=\"ft-tab-content elementor-tab-content elementor-clearfix\" data-tab=\"2\" role=\"tabpanel\"><p style=\"text-align: justify;\">Nuestros paquetes son 2, y la principal diferencia es en que el paquete 2 va personalizado con un nombre de dominio (Ej. bodajulietaypedro.com). De esta manera le da un toque m\u00e1s personal y disfruta de las mismas ventajas del paquete 1.<\/p><p style=\"text-align: justify;\">Adicionalmente en el paquete 2, se incluye un dise\u00f1o PDF por si quieres compartirlo o imprimirlo.<\/p><\/div><\/div><div class=\"ft-accordion-item elementor-accordion-item\"><h5 id=\"elementor-tab-title-1323\" class=\"ft-tab-title elementor-tab-title\" data-tab=\"3\" role=\"tab\"><a class=\"ft-accordion-title elementor-accordion-title\" href=\"\">\u00bfQu\u00e9 forma de pago puedo utilizar? <span class=\"accordion-icon\"><i class=\"css-arrow\"><\/i><\/span><\/a><\/h5><div id=\"elementor-tab-content-1323\" class=\"ft-tab-content elementor-tab-content elementor-clearfix\" data-tab=\"3\" role=\"tabpanel\"><ul><li style=\"text-align: justify;\">Transferencia interbancaria<\/li><li style=\"text-align: justify;\">Deposito<br \/><br \/><\/li><\/ul><\/div><\/div><div class=\"ft-accordion-item elementor-accordion-item\"><h5 id=\"elementor-tab-title-1324\" class=\"ft-tab-title elementor-tab-title\" data-tab=\"4\" role=\"tab\"><a class=\"ft-accordion-title elementor-accordion-title\" href=\"\">\u00bfCu\u00e1nto tiempo tardan en tener mi invitaci\u00f3n digital? <span class=\"accordion-icon\"><i class=\"css-arrow\"><\/i><\/span><\/a><\/h5><div id=\"elementor-tab-content-1324\" class=\"ft-tab-content elementor-tab-content elementor-clearfix\" data-tab=\"4\" role=\"tabpanel\"><p style=\"text-align: justify;\">Una vez teniendo la <span style=\"text-decoration: underline;\">informaci\u00f3n completa<\/span>(texto, im\u00e1genes, fotograf\u00edas, videos, etc) de tu evento, nuestros expertos tendr\u00e1n lista tu invitaci\u00f3n en un lapso de 5 d\u00edas h\u00e1biles.<\/p><\/div><\/div><\/div>\t\t<\/div>\n\t\t\t\t<\/div>\n\t\t\t\t<\/div>\n\t\t\t\t\t<\/div>\n\t\t\t\t<\/div>\n\t\t\t\t<\/div>\n\t\t","protected":false},"excerpt":{"rendered":"<p>Preguntas frecuentes \u00bfQu\u00e9 es una invitaci\u00f3n digital? Es la forma m\u00e1s r\u00e1pida, elegante y novedosa de hacer llegar a tus invitados los detalles de uno de los d\u00eda m\u00e1s importantes de tu vida.Nuestro entregable es un link a una p\u00e1gina web con la informaci\u00f3n de su evento de acuerdo al plan contratado. Para el paquete 2 se entrega un archivo PDF con el dise\u00f1o aprobado. Con la ventaja de poder tener el listado de confirmaci\u00f3n de asistencia de tus invitados.Tus invitados desde un solo click podr\u00e1n ir a google maps para saber c\u00f3mo llegar a tu evento.Adem\u00e1s, si es necesario&#8230;<\/p>\n","protected":false},"author":1,"featured_media":0,"parent":0,"menu_order":0,"comment_status":"closed","ping_status":"closed","template":"","meta":{"footnotes":""},"class_list":["post-12","page","type-page","status-publish","hentry"],"_links":{"self":[{"href":"https:\/\/www.fuisteinvitado.com\/web\/wp-json\/wp\/v2\/pages\/12","targetHints":{"allow":["GET"]}}],"collection":[{"href":"https:\/\/www.fuisteinvitado.com\/web\/wp-json\/wp\/v2\/pages"}],"about":[{"href":"https:\/\/www.fuisteinvitado.com\/web\/wp-json\/wp\/v2\/types\/page"}],"author":[{"embeddable":true,"href":"https:\/\/www.fuisteinvitado.com\/web\/wp-json\/wp\/v2\/users\/1"}],"replies":[{"embeddable":true,"href":"https:\/\/www.fuisteinvitado.com\/web\/wp-json\/wp\/v2\/comments?post=12"}],"version-history":[{"count":61,"href":"https:\/\/www.fuisteinvitado.com\/web\/wp-json\/wp\/v2\/pages\/12\/revisions"}],"predecessor-version":[{"id":4452,"href":"https:\/\/www.fuisteinvitado.com\/web\/wp-json\/wp\/v2\/pages\/12\/revisions\/4452"}],"wp:attachment":[{"href":"https:\/\/www.fuisteinvitado.com\/web\/wp-json\/wp\/v2\/media?parent=12"}],"curies":[{"name":"wp","href":"https:\/\/api.w.org\/{rel}","templated":true}]}}