{"id":3,"date":"2023-06-24T22:55:04","date_gmt":"2023-06-24T22:55:04","guid":{"rendered":"https:\/\/www.fuisteinvitado.com\/web\/?page_id=3"},"modified":"2023-07-20T18:38:56","modified_gmt":"2023-07-20T18:38:56","slug":"politica-privacidad","status":"publish","type":"page","link":"https:\/\/www.fuisteinvitado.com\/web\/politica-privacidad\/","title":{"rendered":"Pol\u00edtica de privacidad"},"content":{"rendered":"\t\t<div data-elementor-type=\"wp-page\" data-elementor-id=\"3\" class=\"elementor elementor-3\">\n\t\t\t\t\t\t<section class=\"elementor-section elementor-top-section elementor-element elementor-element-1c08e2d6 elementor-section-boxed elementor-section-height-default elementor-section-height-default\" data-id=\"1c08e2d6\" data-element_type=\"section\">\n\t\t\t\t\t\t<div class=\"elementor-container elementor-column-gap-default\">\n\t\t\t\t\t<div class=\"elementor-column elementor-col-100 elementor-top-column elementor-element elementor-element-5aa3033b\" data-id=\"5aa3033b\" data-element_type=\"column\">\n\t\t\t<div class=\"elementor-widget-wrap elementor-element-populated\">\n\t\t\t\t\t\t<div class=\"elementor-element elementor-element-32d42a98 elementor-widget elementor-widget-text-editor\" data-id=\"32d42a98\" data-element_type=\"widget\" data-widget_type=\"text-editor.default\">\n\t\t\t\t<div class=\"elementor-widget-container\">\n\t\t\t\t\t\t\t<h3 style=\"text-align: center;\"><strong>Aviso de Privacidad <\/strong><\/h3><p>\u00a0<\/p><p style=\"text-align: justify;\"><span style=\"font-weight: 400;\">FUISTE INVITADO.COM recopila informaci\u00f3n personal identificable que los usuarios proporcionan de manera voluntaria al interactuar con nuestro sitio web. <\/span><span style=\"font-weight: 400;\">La seguridad y confidencialidad de sus datos personales son de suma importancia para nosotros, por lo que aseguramos que su informaci\u00f3n ser\u00e1 tratada de acuerdo con las leyes de privacidad aplicables.<\/span><\/p><p style=\"text-align: justify;\"><span style=\"font-weight: 400;\">Responsable del Tratamiento de Datos Personales<\/span><\/p><p style=\"text-align: justify;\"><span style=\"font-weight: 400;\">Raz\u00f3n Social: Tukul Soft S.A. de C.V.<\/span><\/p><p style=\"text-align: justify;\"><span style=\"font-weight: 400;\">Domicilio: Blv. Antonio L. Rodriguez 2100 Colonia Santa Maria, Monterrey Nuevo Le\u00f3n C.P 64650.<\/span><\/p><p style=\"text-align: justify;\"><span style=\"font-weight: 400;\">Correo electr\u00f3nico: contacto@tukulsoft.com<\/span><\/p><p style=\"text-align: justify;\"><span style=\"font-weight: 400;\">Tel\u00e9fono: 8186471725\u00a0<\/span><\/p><p style=\"text-align: justify;\"><strong>Datos Personales Recopilados<\/strong><\/p><p style=\"text-align: justify;\"><span style=\"font-weight: 400;\">Los datos personales que se recopilan a trav\u00e9s de la p\u00e1gina web se limitan a:<\/span><\/p><ul><li style=\"text-align: justify;\"><span style=\"font-weight: 400;\">Nombre completo.<\/span><\/li><li style=\"text-align: justify;\"><span style=\"font-weight: 400;\">Correo electr\u00f3nico.<\/span><\/li><li style=\"text-align: justify;\"><span style=\"font-weight: 400;\">N\u00famero de tel\u00e9fono.<\/span><\/li><li style=\"text-align: justify;\"><span style=\"font-weight: 400;\">Informaci\u00f3n de facturaci\u00f3n (en caso de requerirlo)<\/span><\/li><li style=\"text-align: justify;\"><span style=\"font-weight: 400;\">Informaci\u00f3n de pago (en caso de compras o transacciones) <\/span><\/li><li style=\"text-align: justify;\"><span style=\"font-weight: 400;\">Datos demogr\u00e1ficos, como edad y g\u00e9nero <\/span><\/li><li style=\"text-align: justify;\"><span style=\"font-weight: 400;\">Informaci\u00f3n de inicio de sesi\u00f3n y contrase\u00f1a (para cuentas de usuario) <\/span><\/li><\/ul><p style=\"text-align: justify;\"><span style=\"font-weight: 400;\">Estos datos ser\u00e1n recabados mediante formularios de contacto o suscripci\u00f3n ubicados en nuestra p\u00e1gina web, y ser\u00e1n utilizados \u00fanicamente con el prop\u00f3sito de contactar al cliente y proporcionarle informaci\u00f3n acerca de nuestros productos o servicios.<\/span><\/p><p style=\"text-align: justify;\"><strong>Uso de la informaci\u00f3n<\/strong><\/p><p style=\"text-align: justify;\"><span style=\"font-weight: 400;\">Los datos personales recopilados ser\u00e1n utilizados exclusivamente para los siguientes fines:<\/span><\/p><p style=\"text-align: justify;\"><span style=\"font-weight: 400;\">Contactar al cliente para dar respuesta a sus solicitudes, preguntas o comentarios.<\/span><\/p><p style=\"text-align: justify;\"><span style=\"font-weight: 400;\">Enviar informaci\u00f3n acerca de nuestros productos o servicios, promociones, descuentos u ofertas especiales.<\/span><\/p><p style=\"text-align: justify;\"><strong>Limitaci\u00f3n de Uso y Divulgaci\u00f3n<\/strong><\/p><p style=\"text-align: justify;\"><span style=\"font-weight: 400;\">Sus datos personales ser\u00e1n utilizados \u00fanicamente para los fines mencionados en este Aviso de Privacidad. No ser\u00e1n transferidos a terceros sin su consentimiento previo, excepto cuando exista una obligaci\u00f3n legal para hacerlo.<\/span><\/p><p style=\"text-align: justify;\"><strong>Medidas de Seguridad<\/strong><\/p><p style=\"text-align: justify;\"><span style=\"font-weight: 400;\">Tomamos las medidas necesarias para proteger sus datos personales contra el acceso no autorizado, el uso o divulgaci\u00f3n indebida, y su almacenamiento se realiza de forma segura.<\/span><\/p><p style=\"text-align: justify;\"><strong>Derechos ARCO (Acceso, Rectificaci\u00f3n, Cancelaci\u00f3n y Oposici\u00f3n)<\/strong><\/p><p style=\"text-align: justify;\"><span style=\"font-weight: 400;\">Usted tiene derecho a acceder, rectificar, cancelar u oponerse al tratamiento de sus datos personales. Para ejercer estos derechos, puede ponerse en contacto con nosotros a trav\u00e9s de los datos de contacto proporcionados en este Aviso de Privacidad.<\/span><\/p><p style=\"text-align: justify;\"><strong>Cambios al Aviso de Privacidad<\/strong><\/p><p style=\"text-align: justify;\"><span style=\"font-weight: 400;\">Nos reservamos el derecho de efectuar cambios o actualizaciones a este Aviso de Privacidad en cualquier momento, para reflejar cambios en nuestras pr\u00e1cticas de manejo de datos o por exigencias legales. Le recomendamos revisar peri\u00f3dicamente esta p\u00e1gina para estar informado de cualquier modificaci\u00f3n.<\/span><\/p><p style=\"text-align: justify;\"><span style=\"font-weight: 400;\">Al proporcionar sus datos personales a trav\u00e9s de nuestra p\u00e1gina web, usted reconoce que ha le\u00eddo y comprendido este Aviso de Privacidad, y otorga su consentimiento para el tratamiento de sus datos de acuerdo con los fines y condiciones aqu\u00ed establecidos.<\/span><\/p><p><span style=\"font-weight: 400;\">Fecha de \u00faltima actualizaci\u00f3n: 20 de julio 2023<\/span><\/p><p><span style=\"font-weight: 400;\">Tukul Soft\u00a0<\/span><\/p>\t\t\t\t\t\t<\/div>\n\t\t\t\t<\/div>\n\t\t\t\t\t<\/div>\n\t\t<\/div>\n\t\t\t\t\t<\/div>\n\t\t<\/section>\n\t\t\t\t<\/div>\n\t\t","protected":false},"excerpt":{"rendered":"<p>Aviso de Privacidad \u00a0 FUISTE INVITADO.COM recopila informaci\u00f3n personal identificable que los usuarios proporcionan de manera voluntaria al interactuar con nuestro sitio web. La seguridad y confidencialidad de sus datos personales son de suma importancia para nosotros, por lo que aseguramos que su informaci\u00f3n ser\u00e1 tratada de acuerdo con las leyes de privacidad aplicables. Responsable del Tratamiento de Datos Personales Raz\u00f3n Social: Tukul Soft S.A. de C.V. Domicilio: Blv. Antonio L. Rodriguez 2100 Colonia Santa Maria, Monterrey Nuevo Le\u00f3n C.P 64650. Correo electr\u00f3nico: contacto@tukulsoft.com Tel\u00e9fono: 8186471725\u00a0 Datos Personales Recopilados Los datos personales que se recopilan a trav\u00e9s de la p\u00e1gina&#8230;<\/p>\n","protected":false},"author":1,"featured_media":0,"parent":0,"menu_order":0,"comment_status":"closed","ping_status":"open","template":"","meta":{"footnotes":""},"class_list":["post-3","page","type-page","status-publish","hentry"],"_links":{"self":[{"href":"https:\/\/www.fuisteinvitado.com\/web\/wp-json\/wp\/v2\/pages\/3","targetHints":{"allow":["GET"]}}],"collection":[{"href":"https:\/\/www.fuisteinvitado.com\/web\/wp-json\/wp\/v2\/pages"}],"about":[{"href":"https:\/\/www.fuisteinvitado.com\/web\/wp-json\/wp\/v2\/types\/page"}],"author":[{"embeddable":true,"href":"https:\/\/www.fuisteinvitado.com\/web\/wp-json\/wp\/v2\/users\/1"}],"replies":[{"embeddable":true,"href":"https:\/\/www.fuisteinvitado.com\/web\/wp-json\/wp\/v2\/comments?post=3"}],"version-history":[{"count":42,"href":"https:\/\/www.fuisteinvitado.com\/web\/wp-json\/wp\/v2\/pages\/3\/revisions"}],"predecessor-version":[{"id":4398,"href":"https:\/\/www.fuisteinvitado.com\/web\/wp-json\/wp\/v2\/pages\/3\/revisions\/4398"}],"wp:attachment":[{"href":"https:\/\/www.fuisteinvitado.com\/web\/wp-json\/wp\/v2\/media?parent=3"}],"curies":[{"name":"wp","href":"https:\/\/api.w.org\/{rel}","templated":true}]}}