{"id":4552,"date":"2024-04-04T22:01:05","date_gmt":"2024-04-04T22:01:05","guid":{"rendered":"https:\/\/www.fuisteinvitado.com\/web\/?page_id=4552"},"modified":"2026-03-28T04:17:18","modified_gmt":"2026-03-28T04:17:18","slug":"diseno-de-bodas","status":"publish","type":"page","link":"https:\/\/www.fuisteinvitado.com\/web\/diseno-de-bodas\/","title":{"rendered":"Dise\u00f1o de bodas"},"content":{"rendered":"\t\t<div data-elementor-type=\"wp-page\" data-elementor-id=\"4552\" class=\"elementor elementor-4552\">\n\t\t\t\t<div class=\"elementor-element elementor-element-af1a258 elementor-hidden-tablet elementor-hidden-mobile e-flex e-con-boxed e-con e-parent\" data-id=\"af1a258\" data-element_type=\"container\">\n\t\t\t\t\t<div class=\"e-con-inner\">\n\t\t<div class=\"elementor-element elementor-element-4140f6b e-con-full e-flex e-con e-child\" data-id=\"4140f6b\" data-element_type=\"container\">\n\t\t\t\t<\/div>\n\t\t<div class=\"elementor-element elementor-element-630c2b6 e-con-full e-flex e-con e-child\" data-id=\"630c2b6\" data-element_type=\"container\">\n\t\t\t\t<div class=\"elementor-element elementor-element-ffb2dc1 elementor-widget elementor-widget-image\" data-id=\"ffb2dc1\" data-element_type=\"widget\" data-widget_type=\"image.default\">\n\t\t\t\t<div class=\"elementor-widget-container\">\n\t\t\t\t\t\t\t\t\t\t\t\t\t\t<a href=\"https:\/\/www.fuisteinvitado.com\/web\/diseno-infantiles\">\n\t\t\t\t\t\t\t<img fetchpriority=\"high\" decoding=\"async\" width=\"945\" height=\"275\" src=\"https:\/\/www.fuisteinvitado.com\/web\/wp-content\/uploads\/2026\/03\/Dinfantil.png\" class=\"attachment-large size-large wp-image-4896\" alt=\"\" srcset=\"https:\/\/www.fuisteinvitado.com\/web\/wp-content\/uploads\/2026\/03\/Dinfantil.png 945w, https:\/\/www.fuisteinvitado.com\/web\/wp-content\/uploads\/2026\/03\/Dinfantil-300x87.png 300w, https:\/\/www.fuisteinvitado.com\/web\/wp-content\/uploads\/2026\/03\/Dinfantil-768x223.png 768w\" sizes=\"(max-width: 945px) 100vw, 945px\" \/>\t\t\t\t\t\t\t\t<\/a>\n\t\t\t\t\t\t\t\t\t\t\t\t\t<\/div>\n\t\t\t\t<\/div>\n\t\t\t\t<\/div>\n\t\t<div class=\"elementor-element elementor-element-1454986 e-con-full e-flex e-con e-child\" data-id=\"1454986\" data-element_type=\"container\">\n\t\t\t\t<div class=\"elementor-element elementor-element-090de68 elementor-widget elementor-widget-image\" data-id=\"090de68\" data-element_type=\"widget\" data-widget_type=\"image.default\">\n\t\t\t\t<div class=\"elementor-widget-container\">\n\t\t\t\t\t\t\t\t\t\t\t\t\t\t<a href=\"https:\/\/www.fuisteinvitado.com\/web\/disenos-xv\">\n\t\t\t\t\t\t\t<img decoding=\"async\" width=\"945\" height=\"270\" src=\"https:\/\/www.fuisteinvitado.com\/web\/wp-content\/uploads\/2026\/03\/D-XV.png\" class=\"attachment-large size-large wp-image-4899\" alt=\"\" srcset=\"https:\/\/www.fuisteinvitado.com\/web\/wp-content\/uploads\/2026\/03\/D-XV.png 945w, https:\/\/www.fuisteinvitado.com\/web\/wp-content\/uploads\/2026\/03\/D-XV-300x86.png 300w, https:\/\/www.fuisteinvitado.com\/web\/wp-content\/uploads\/2026\/03\/D-XV-768x219.png 768w\" sizes=\"(max-width: 945px) 100vw, 945px\" \/>\t\t\t\t\t\t\t\t<\/a>\n\t\t\t\t\t\t\t\t\t\t\t\t\t<\/div>\n\t\t\t\t<\/div>\n\t\t\t\t<\/div>\n\t\t<div class=\"elementor-element elementor-element-838ee3a e-con-full e-flex e-con e-child\" data-id=\"838ee3a\" data-element_type=\"container\">\n\t\t\t\t<\/div>\n\t\t\t\t\t<\/div>\n\t\t\t\t<\/div>\n\t\t<div class=\"elementor-element elementor-element-ad8cb5b e-flex e-con-boxed e-con e-parent\" data-id=\"ad8cb5b\" data-element_type=\"container\">\n\t\t\t\t\t<div class=\"e-con-inner\">\n\t\t\t\t<div class=\"elementor-element elementor-element-93479a1 elementor-widget elementor-widget-text-editor\" data-id=\"93479a1\" data-element_type=\"widget\" data-widget_type=\"text-editor.default\">\n\t\t\t\t<div class=\"elementor-widget-container\">\n\t\t\t\t\t\t\t<h1 style=\"text-align: center;\">Dise\u00f1o de bodas<\/h1>\t\t\t\t\t\t<\/div>\n\t\t\t\t<\/div>\n\t\t\t\t\t<\/div>\n\t\t\t\t<\/div>\n\t\t<div class=\"elementor-element elementor-element-a657250 e-flex e-con-boxed e-con e-parent\" data-id=\"a657250\" data-element_type=\"container\">\n\t\t\t\t\t<div class=\"e-con-inner\">\n\t\t<div class=\"elementor-element elementor-element-41b7676 e-con-full e-flex e-con e-child\" data-id=\"41b7676\" data-element_type=\"container\">\n\t\t\t\t<div class=\"elementor-element elementor-element-4bd10d1 elementor-widget elementor-widget-feature-image\" data-id=\"4bd10d1\" data-element_type=\"widget\" data-widget_type=\"feature-image.default\">\n\t\t\t\t<div class=\"elementor-widget-container\">\n\t\t\t<div class=\"ft-image-classic\"><a href=\"https:\/\/www.fuisteinvitado.com\/events\/Mzk4NzQ5\/bW9kb3ZpZXc=\" target=\"_blank\"><div class=\"ft-img-wrapper\"><img decoding=\"async\" src=\"https:\/\/www.fuisteinvitado.com\/web\/wp-content\/uploads\/2026\/03\/Saul.png\" title=\"Saul\" alt=\"Saul\" loading=\"lazy\" \/><\/div><\/a><h4 class=\"ft-title\"><center>Boda Alfa<\/center><\/h4><p class=\"ft-description\"><\/p><a href=\"https:\/\/www.fuisteinvitado.com\/events\/Mzk4NzQ5\/bW9kb3ZpZXc=\" target=\"_blank\" class=\"ft-btn btn-txt-arr\">Ver dise\u00f1o <span class=\"arr-box\"><i class=\"icon-Arrow-OutRight\"><\/i><\/span><\/a><\/div>\t\t<\/div>\n\t\t\t\t<\/div>\n\t\t\t\t<\/div>\n\t\t<div class=\"elementor-element elementor-element-8175ce3 e-con-full e-flex e-con e-child\" data-id=\"8175ce3\" data-element_type=\"container\">\n\t\t\t\t<div class=\"elementor-element elementor-element-b076a72 elementor-widget elementor-widget-feature-image\" data-id=\"b076a72\" data-element_type=\"widget\" data-widget_type=\"feature-image.default\">\n\t\t\t\t<div class=\"elementor-widget-container\">\n\t\t\t<div class=\"ft-image-classic\"><a href=\"https:\/\/www.fuisteinvitado.com\/events\/MjU2Mjg0\/bW9kb3ZpZXc=\" target=\"_blank\"><div class=\"ft-img-wrapper\"><img decoding=\"async\" src=\"https:\/\/www.fuisteinvitado.com\/web\/wp-content\/uploads\/2026\/03\/Gama.png\" title=\"Gama\" alt=\"Gama\" loading=\"lazy\" \/><\/div><\/a><h4 class=\"ft-title\"><center>Boda Beta<\/center><\/h4><p class=\"ft-description\"><\/p><a href=\"https:\/\/www.fuisteinvitado.com\/events\/MjU2Mjg0\/bW9kb3ZpZXc=\" target=\"_blank\" class=\"ft-btn btn-txt-arr\">Ver dise\u00f1o <span class=\"arr-box\"><i class=\"icon-Arrow-OutRight\"><\/i><\/span><\/a><\/div>\t\t<\/div>\n\t\t\t\t<\/div>\n\t\t\t\t<\/div>\n\t\t<div class=\"elementor-element elementor-element-17fc924 e-con-full elementor-hidden-desktop elementor-hidden-tablet elementor-hidden-mobile e-flex e-con e-child\" data-id=\"17fc924\" data-element_type=\"container\">\n\t\t\t\t<div class=\"elementor-element elementor-element-0159685 elementor-widget elementor-widget-feature-image\" data-id=\"0159685\" data-element_type=\"widget\" data-widget_type=\"feature-image.default\">\n\t\t\t\t<div class=\"elementor-widget-container\">\n\t\t\t<div class=\"ft-image-classic\"><div class=\"ft-img-wrapper\"><img decoding=\"async\" src=\"https:\/\/www.fuisteinvitado.com\/web\/wp-content\/uploads\/2025\/06\/Kevin2.jpg\" title=\"Kevin2\" alt=\"Kevin2\" loading=\"lazy\" \/><\/div><h4 class=\"ft-title\"><center>Boda Gama<\/center><\/h4><p class=\"ft-description\"><\/p><\/div>\t\t<\/div>\n\t\t\t\t<\/div>\n\t\t\t\t<\/div>\n\t\t\t\t\t<\/div>\n\t\t\t\t<\/div>\n\t\t<div class=\"elementor-element elementor-element-5caa7b1 elementor-hidden-desktop e-flex e-con-boxed e-con e-parent\" data-id=\"5caa7b1\" data-element_type=\"container\">\n\t\t\t\t\t<div class=\"e-con-inner\">\n\t\t\t\t<div class=\"elementor-element elementor-element-0dbd782 elementor-widget elementor-widget-spacer\" data-id=\"0dbd782\" data-element_type=\"widget\" data-widget_type=\"spacer.default\">\n\t\t\t\t<div class=\"elementor-widget-container\">\n\t\t\t\t\t<div class=\"elementor-spacer\">\n\t\t\t<div class=\"elementor-spacer-inner\"><\/div>\n\t\t<\/div>\n\t\t\t\t<\/div>\n\t\t\t\t<\/div>\n\t\t\t\t<div class=\"elementor-element elementor-element-76ab2ed elementor-widget elementor-widget-text-editor\" data-id=\"76ab2ed\" data-element_type=\"widget\" data-widget_type=\"text-editor.default\">\n\t\t\t\t<div class=\"elementor-widget-container\">\n\t\t\t\t\t\t\t<p style=\"text-align: center;\"><span style=\"color: #000000;\"><strong>Categor\u00edas\u00a0<\/strong><\/span><\/p>\t\t\t\t\t\t<\/div>\n\t\t\t\t<\/div>\n\t\t\t\t\t<\/div>\n\t\t\t\t<\/div>\n\t\t<div class=\"elementor-element elementor-element-a03902c elementor-hidden-desktop e-flex e-con-boxed e-con e-parent\" data-id=\"a03902c\" data-element_type=\"container\">\n\t\t\t\t\t<div class=\"e-con-inner\">\n\t\t<div class=\"elementor-element elementor-element-16ce699 e-con-full e-flex e-con e-child\" data-id=\"16ce699\" data-element_type=\"container\">\n\t\t\t\t<\/div>\n\t\t<div class=\"elementor-element elementor-element-82f8440 e-con-full e-flex e-con e-child\" data-id=\"82f8440\" data-element_type=\"container\">\n\t\t\t\t<div class=\"elementor-element elementor-element-8fdd8da elementor-widget elementor-widget-image\" data-id=\"8fdd8da\" data-element_type=\"widget\" data-widget_type=\"image.default\">\n\t\t\t\t<div class=\"elementor-widget-container\">\n\t\t\t\t\t\t\t\t\t\t\t\t\t\t<a href=\"https:\/\/www.fuisteinvitado.com\/web\/diseno-infantiles\">\n\t\t\t\t\t\t\t<img fetchpriority=\"high\" decoding=\"async\" width=\"945\" height=\"275\" src=\"https:\/\/www.fuisteinvitado.com\/web\/wp-content\/uploads\/2026\/03\/Dinfantil.png\" class=\"attachment-large size-large wp-image-4896\" alt=\"\" srcset=\"https:\/\/www.fuisteinvitado.com\/web\/wp-content\/uploads\/2026\/03\/Dinfantil.png 945w, https:\/\/www.fuisteinvitado.com\/web\/wp-content\/uploads\/2026\/03\/Dinfantil-300x87.png 300w, https:\/\/www.fuisteinvitado.com\/web\/wp-content\/uploads\/2026\/03\/Dinfantil-768x223.png 768w\" sizes=\"(max-width: 945px) 100vw, 945px\" \/>\t\t\t\t\t\t\t\t<\/a>\n\t\t\t\t\t\t\t\t\t\t\t\t\t<\/div>\n\t\t\t\t<\/div>\n\t\t\t\t<\/div>\n\t\t<div class=\"elementor-element elementor-element-5841896 e-con-full e-flex e-con e-child\" data-id=\"5841896\" data-element_type=\"container\">\n\t\t\t\t<div class=\"elementor-element elementor-element-f85bffe elementor-widget elementor-widget-image\" data-id=\"f85bffe\" data-element_type=\"widget\" data-widget_type=\"image.default\">\n\t\t\t\t<div class=\"elementor-widget-container\">\n\t\t\t\t\t\t\t\t\t\t\t\t\t\t<a href=\"https:\/\/www.fuisteinvitado.com\/web\/disenos-xv\">\n\t\t\t\t\t\t\t<img decoding=\"async\" width=\"945\" height=\"270\" src=\"https:\/\/www.fuisteinvitado.com\/web\/wp-content\/uploads\/2026\/03\/D-XV.png\" class=\"attachment-large size-large wp-image-4899\" alt=\"\" srcset=\"https:\/\/www.fuisteinvitado.com\/web\/wp-content\/uploads\/2026\/03\/D-XV.png 945w, https:\/\/www.fuisteinvitado.com\/web\/wp-content\/uploads\/2026\/03\/D-XV-300x86.png 300w, https:\/\/www.fuisteinvitado.com\/web\/wp-content\/uploads\/2026\/03\/D-XV-768x219.png 768w\" sizes=\"(max-width: 945px) 100vw, 945px\" \/>\t\t\t\t\t\t\t\t<\/a>\n\t\t\t\t\t\t\t\t\t\t\t\t\t<\/div>\n\t\t\t\t<\/div>\n\t\t\t\t<\/div>\n\t\t<div class=\"elementor-element elementor-element-af95362 e-con-full e-flex e-con e-child\" data-id=\"af95362\" data-element_type=\"container\">\n\t\t\t\t<\/div>\n\t\t\t\t\t<\/div>\n\t\t\t\t<\/div>\n\t\t\t\t<\/div>\n\t\t","protected":false},"excerpt":{"rendered":"<p>Dise\u00f1o de bodas Boda Alfa Ver dise\u00f1o Boda Beta Ver dise\u00f1o Boda Gama Categor\u00edas\u00a0<\/p>\n","protected":false},"author":1,"featured_media":0,"parent":0,"menu_order":0,"comment_status":"closed","ping_status":"closed","template":"","meta":{"footnotes":""},"class_list":["post-4552","page","type-page","status-publish","hentry"],"_links":{"self":[{"href":"https:\/\/www.fuisteinvitado.com\/web\/wp-json\/wp\/v2\/pages\/4552","targetHints":{"allow":["GET"]}}],"collection":[{"href":"https:\/\/www.fuisteinvitado.com\/web\/wp-json\/wp\/v2\/pages"}],"about":[{"href":"https:\/\/www.fuisteinvitado.com\/web\/wp-json\/wp\/v2\/types\/page"}],"author":[{"embeddable":true,"href":"https:\/\/www.fuisteinvitado.com\/web\/wp-json\/wp\/v2\/users\/1"}],"replies":[{"embeddable":true,"href":"https:\/\/www.fuisteinvitado.com\/web\/wp-json\/wp\/v2\/comments?post=4552"}],"version-history":[{"count":256,"href":"https:\/\/www.fuisteinvitado.com\/web\/wp-json\/wp\/v2\/pages\/4552\/revisions"}],"predecessor-version":[{"id":5081,"href":"https:\/\/www.fuisteinvitado.com\/web\/wp-json\/wp\/v2\/pages\/4552\/revisions\/5081"}],"wp:attachment":[{"href":"https:\/\/www.fuisteinvitado.com\/web\/wp-json\/wp\/v2\/media?parent=4552"}],"curies":[{"name":"wp","href":"https:\/\/api.w.org\/{rel}","templated":true}]}}