{"id":4814,"date":"2026-03-11T22:25:58","date_gmt":"2026-03-11T22:25:58","guid":{"rendered":"https:\/\/www.fuisteinvitado.com\/web\/?page_id=4814"},"modified":"2026-03-28T04:38:57","modified_gmt":"2026-03-28T04:38:57","slug":"diseno-infantiles","status":"publish","type":"page","link":"https:\/\/www.fuisteinvitado.com\/web\/diseno-infantiles\/","title":{"rendered":"Dise\u00f1o infantiles"},"content":{"rendered":"\t\t<div data-elementor-type=\"wp-page\" data-elementor-id=\"4814\" class=\"elementor elementor-4814\">\n\t\t\t\t<div class=\"elementor-element elementor-element-3ebd6bb elementor-hidden-tablet elementor-hidden-mobile e-flex e-con-boxed e-con e-parent\" data-id=\"3ebd6bb\" data-element_type=\"container\">\n\t\t\t\t\t<div class=\"e-con-inner\">\n\t\t<div class=\"elementor-element elementor-element-4e85639 e-con-full e-flex e-con e-child\" data-id=\"4e85639\" data-element_type=\"container\">\n\t\t\t\t<\/div>\n\t\t<div class=\"elementor-element elementor-element-0cd39ff e-con-full e-flex e-con e-child\" data-id=\"0cd39ff\" data-element_type=\"container\">\n\t\t\t\t<div class=\"elementor-element elementor-element-51a8a4c elementor-widget elementor-widget-image\" data-id=\"51a8a4c\" data-element_type=\"widget\" data-widget_type=\"image.default\">\n\t\t\t\t<div class=\"elementor-widget-container\">\n\t\t\t\t\t\t\t\t\t\t\t\t\t\t<a href=\"https:\/\/www.fuisteinvitado.com\/web\/disenos-xv\">\n\t\t\t\t\t\t\t<img fetchpriority=\"high\" decoding=\"async\" width=\"945\" height=\"270\" src=\"https:\/\/www.fuisteinvitado.com\/web\/wp-content\/uploads\/2026\/03\/D-XV.webp\" class=\"attachment-large size-large wp-image-4900\" alt=\"\" srcset=\"https:\/\/www.fuisteinvitado.com\/web\/wp-content\/uploads\/2026\/03\/D-XV.webp 945w, https:\/\/www.fuisteinvitado.com\/web\/wp-content\/uploads\/2026\/03\/D-XV-300x86.webp 300w, https:\/\/www.fuisteinvitado.com\/web\/wp-content\/uploads\/2026\/03\/D-XV-768x219.webp 768w\" sizes=\"(max-width: 945px) 100vw, 945px\" \/>\t\t\t\t\t\t\t\t<\/a>\n\t\t\t\t\t\t\t\t\t\t\t\t\t<\/div>\n\t\t\t\t<\/div>\n\t\t\t\t<\/div>\n\t\t<div class=\"elementor-element elementor-element-08bd1a8 e-con-full e-flex e-con e-child\" data-id=\"08bd1a8\" data-element_type=\"container\">\n\t\t\t\t<div class=\"elementor-element elementor-element-d3e9803 elementor-widget elementor-widget-image\" data-id=\"d3e9803\" data-element_type=\"widget\" data-widget_type=\"image.default\">\n\t\t\t\t<div class=\"elementor-widget-container\">\n\t\t\t\t\t\t\t\t\t\t\t\t\t\t<a href=\"https:\/\/www.fuisteinvitado.com\/web\/diseno-de-bodas\/\">\n\t\t\t\t\t\t\t<img decoding=\"async\" width=\"945\" height=\"275\" src=\"https:\/\/www.fuisteinvitado.com\/web\/wp-content\/uploads\/2026\/03\/DBodas.webp\" class=\"attachment-large size-large wp-image-4901\" alt=\"\" srcset=\"https:\/\/www.fuisteinvitado.com\/web\/wp-content\/uploads\/2026\/03\/DBodas.webp 945w, https:\/\/www.fuisteinvitado.com\/web\/wp-content\/uploads\/2026\/03\/DBodas-300x87.webp 300w, https:\/\/www.fuisteinvitado.com\/web\/wp-content\/uploads\/2026\/03\/DBodas-768x223.webp 768w\" sizes=\"(max-width: 945px) 100vw, 945px\" \/>\t\t\t\t\t\t\t\t<\/a>\n\t\t\t\t\t\t\t\t\t\t\t\t\t<\/div>\n\t\t\t\t<\/div>\n\t\t\t\t<\/div>\n\t\t<div class=\"elementor-element elementor-element-c918380 e-con-full e-flex e-con e-child\" data-id=\"c918380\" data-element_type=\"container\">\n\t\t\t\t<\/div>\n\t\t\t\t\t<\/div>\n\t\t\t\t<\/div>\n\t\t<div class=\"elementor-element elementor-element-7734577 e-flex e-con-boxed e-con e-parent\" data-id=\"7734577\" data-element_type=\"container\">\n\t\t\t\t\t<div class=\"e-con-inner\">\n\t\t\t\t<div class=\"elementor-element elementor-element-30ed6d8 elementor-widget elementor-widget-text-editor\" data-id=\"30ed6d8\" data-element_type=\"widget\" data-widget_type=\"text-editor.default\">\n\t\t\t\t<div class=\"elementor-widget-container\">\n\t\t\t\t\t\t\t<h1 style=\"text-align: center;\">Dise\u00f1o infantil<\/h1>\t\t\t\t\t\t<\/div>\n\t\t\t\t<\/div>\n\t\t\t\t\t<\/div>\n\t\t\t\t<\/div>\n\t\t<div class=\"elementor-element elementor-element-a657250 e-flex e-con-boxed e-con e-parent\" data-id=\"a657250\" data-element_type=\"container\">\n\t\t\t\t\t<div class=\"e-con-inner\">\n\t\t<div class=\"elementor-element elementor-element-8175ce3 e-con-full e-flex e-con e-child\" data-id=\"8175ce3\" data-element_type=\"container\">\n\t\t\t\t<div class=\"elementor-element elementor-element-b076a72 elementor-widget elementor-widget-feature-image\" data-id=\"b076a72\" data-element_type=\"widget\" data-widget_type=\"feature-image.default\">\n\t\t\t\t<div class=\"elementor-widget-container\">\n\t\t\t<div class=\"ft-image-classic\"><a href=\"https:\/\/www.fuisteinvitado.com\/events\/NjIxMDYy\/bW9kb3ZpZXc\" target=\"_blank\"><div class=\"ft-img-wrapper\"><img decoding=\"async\" src=\"https:\/\/www.fuisteinvitado.com\/web\/wp-content\/uploads\/2026\/03\/kinds1.png\" title=\"kinds1\" alt=\"kinds1\" loading=\"lazy\" \/><\/div><\/a><h4 class=\"ft-title\"><center>Kids 1<\/center><\/h4><p class=\"ft-description\"><\/p><a href=\"https:\/\/www.fuisteinvitado.com\/events\/NjIxMDYy\/bW9kb3ZpZXc\" target=\"_blank\" class=\"ft-btn btn-txt-arr\">Ver dise\u00f1o <span class=\"arr-box\"><i class=\"icon-Arrow-OutRight\"><\/i><\/span><\/a><\/div>\t\t<\/div>\n\t\t\t\t<\/div>\n\t\t\t\t<\/div>\n\t\t<div class=\"elementor-element elementor-element-17fc924 e-con-full e-flex e-con e-child\" data-id=\"17fc924\" data-element_type=\"container\">\n\t\t\t\t<div class=\"elementor-element elementor-element-0159685 elementor-widget elementor-widget-feature-image\" data-id=\"0159685\" data-element_type=\"widget\" data-widget_type=\"feature-image.default\">\n\t\t\t\t<div class=\"elementor-widget-container\">\n\t\t\t<div class=\"ft-image-classic\"><a href=\"https:\/\/www.fuisteinvitado.com\/events\/MzMyNDgy\/bW9kb3ZpZXc\" target=\"_blank\"><div class=\"ft-img-wrapper\"><img decoding=\"async\" src=\"https:\/\/www.fuisteinvitado.com\/web\/wp-content\/uploads\/2026\/03\/kinds2.png\" title=\"kinds2\" alt=\"kinds2\" loading=\"lazy\" \/><\/div><\/a><h4 class=\"ft-title\"><center>Kids 2<\/center><\/h4><p class=\"ft-description\"><\/p><a href=\"https:\/\/www.fuisteinvitado.com\/events\/MzMyNDgy\/bW9kb3ZpZXc\" target=\"_blank\" class=\"ft-btn btn-txt-arr\">Ver dise\u00f1o <span class=\"arr-box\"><i class=\"icon-Arrow-OutRight\"><\/i><\/span><\/a><\/div>\t\t<\/div>\n\t\t\t\t<\/div>\n\t\t\t\t<\/div>\n\t\t<div class=\"elementor-element elementor-element-41b7676 e-con-full e-flex e-con e-child\" data-id=\"41b7676\" data-element_type=\"container\">\n\t\t\t\t<\/div>\n\t\t\t\t\t<\/div>\n\t\t\t\t<\/div>\n\t\t<div class=\"elementor-element elementor-element-d66e3a9 elementor-hidden-desktop e-flex e-con-boxed e-con e-parent\" data-id=\"d66e3a9\" data-element_type=\"container\">\n\t\t\t\t\t<div class=\"e-con-inner\">\n\t\t\t\t<div class=\"elementor-element elementor-element-2b9cc18 elementor-widget elementor-widget-spacer\" data-id=\"2b9cc18\" data-element_type=\"widget\" data-widget_type=\"spacer.default\">\n\t\t\t\t<div class=\"elementor-widget-container\">\n\t\t\t\t\t<div class=\"elementor-spacer\">\n\t\t\t<div class=\"elementor-spacer-inner\"><\/div>\n\t\t<\/div>\n\t\t\t\t<\/div>\n\t\t\t\t<\/div>\n\t\t\t\t<div class=\"elementor-element elementor-element-89bfd98 elementor-widget elementor-widget-text-editor\" data-id=\"89bfd98\" data-element_type=\"widget\" data-widget_type=\"text-editor.default\">\n\t\t\t\t<div class=\"elementor-widget-container\">\n\t\t\t\t\t\t\t<p style=\"text-align: center;\"><span style=\"color: #000000;\"><strong>Categor\u00edas\u00a0<\/strong><\/span><\/p>\t\t\t\t\t\t<\/div>\n\t\t\t\t<\/div>\n\t\t\t\t\t<\/div>\n\t\t\t\t<\/div>\n\t\t<div class=\"elementor-element elementor-element-845f607 elementor-hidden-desktop e-flex e-con-boxed e-con e-parent\" data-id=\"845f607\" data-element_type=\"container\">\n\t\t\t\t\t<div class=\"e-con-inner\">\n\t\t<div class=\"elementor-element elementor-element-2dd677a e-con-full e-flex e-con e-child\" data-id=\"2dd677a\" data-element_type=\"container\">\n\t\t\t\t<\/div>\n\t\t<div class=\"elementor-element elementor-element-8182045 e-con-full e-flex e-con e-child\" data-id=\"8182045\" data-element_type=\"container\">\n\t\t\t\t<div class=\"elementor-element elementor-element-628551e elementor-widget elementor-widget-image\" data-id=\"628551e\" data-element_type=\"widget\" data-widget_type=\"image.default\">\n\t\t\t\t<div class=\"elementor-widget-container\">\n\t\t\t\t\t\t\t\t\t\t\t\t\t\t<a href=\"https:\/\/www.fuisteinvitado.com\/web\/disenos-xv\">\n\t\t\t\t\t\t\t<img fetchpriority=\"high\" decoding=\"async\" width=\"945\" height=\"270\" src=\"https:\/\/www.fuisteinvitado.com\/web\/wp-content\/uploads\/2026\/03\/D-XV.webp\" class=\"attachment-large size-large wp-image-4900\" alt=\"\" srcset=\"https:\/\/www.fuisteinvitado.com\/web\/wp-content\/uploads\/2026\/03\/D-XV.webp 945w, https:\/\/www.fuisteinvitado.com\/web\/wp-content\/uploads\/2026\/03\/D-XV-300x86.webp 300w, https:\/\/www.fuisteinvitado.com\/web\/wp-content\/uploads\/2026\/03\/D-XV-768x219.webp 768w\" sizes=\"(max-width: 945px) 100vw, 945px\" \/>\t\t\t\t\t\t\t\t<\/a>\n\t\t\t\t\t\t\t\t\t\t\t\t\t<\/div>\n\t\t\t\t<\/div>\n\t\t\t\t<\/div>\n\t\t<div class=\"elementor-element elementor-element-b4c424d e-con-full e-flex e-con e-child\" data-id=\"b4c424d\" data-element_type=\"container\">\n\t\t\t\t<div class=\"elementor-element elementor-element-217679a elementor-widget elementor-widget-image\" data-id=\"217679a\" data-element_type=\"widget\" data-widget_type=\"image.default\">\n\t\t\t\t<div class=\"elementor-widget-container\">\n\t\t\t\t\t\t\t\t\t\t\t\t\t\t<a href=\"https:\/\/www.fuisteinvitado.com\/web\/diseno-de-bodas\">\n\t\t\t\t\t\t\t<img decoding=\"async\" width=\"945\" height=\"275\" src=\"https:\/\/www.fuisteinvitado.com\/web\/wp-content\/uploads\/2026\/03\/DBodas.webp\" class=\"attachment-large size-large wp-image-4901\" alt=\"\" srcset=\"https:\/\/www.fuisteinvitado.com\/web\/wp-content\/uploads\/2026\/03\/DBodas.webp 945w, https:\/\/www.fuisteinvitado.com\/web\/wp-content\/uploads\/2026\/03\/DBodas-300x87.webp 300w, https:\/\/www.fuisteinvitado.com\/web\/wp-content\/uploads\/2026\/03\/DBodas-768x223.webp 768w\" sizes=\"(max-width: 945px) 100vw, 945px\" \/>\t\t\t\t\t\t\t\t<\/a>\n\t\t\t\t\t\t\t\t\t\t\t\t\t<\/div>\n\t\t\t\t<\/div>\n\t\t\t\t<\/div>\n\t\t<div class=\"elementor-element elementor-element-7873fc1 e-con-full e-flex e-con e-child\" data-id=\"7873fc1\" data-element_type=\"container\">\n\t\t\t\t<\/div>\n\t\t\t\t\t<\/div>\n\t\t\t\t<\/div>\n\t\t\t\t<\/div>\n\t\t","protected":false},"excerpt":{"rendered":"<p>Dise\u00f1o infantil Kids 1 Ver dise\u00f1o Kids 2 Ver dise\u00f1o Categor\u00edas\u00a0<\/p>\n","protected":false},"author":1,"featured_media":0,"parent":0,"menu_order":0,"comment_status":"closed","ping_status":"closed","template":"","meta":{"footnotes":""},"class_list":["post-4814","page","type-page","status-publish","hentry"],"_links":{"self":[{"href":"https:\/\/www.fuisteinvitado.com\/web\/wp-json\/wp\/v2\/pages\/4814","targetHints":{"allow":["GET"]}}],"collection":[{"href":"https:\/\/www.fuisteinvitado.com\/web\/wp-json\/wp\/v2\/pages"}],"about":[{"href":"https:\/\/www.fuisteinvitado.com\/web\/wp-json\/wp\/v2\/types\/page"}],"author":[{"embeddable":true,"href":"https:\/\/www.fuisteinvitado.com\/web\/wp-json\/wp\/v2\/users\/1"}],"replies":[{"embeddable":true,"href":"https:\/\/www.fuisteinvitado.com\/web\/wp-json\/wp\/v2\/comments?post=4814"}],"version-history":[{"count":34,"href":"https:\/\/www.fuisteinvitado.com\/web\/wp-json\/wp\/v2\/pages\/4814\/revisions"}],"predecessor-version":[{"id":5118,"href":"https:\/\/www.fuisteinvitado.com\/web\/wp-json\/wp\/v2\/pages\/4814\/revisions\/5118"}],"wp:attachment":[{"href":"https:\/\/www.fuisteinvitado.com\/web\/wp-json\/wp\/v2\/media?parent=4814"}],"curies":[{"name":"wp","href":"https:\/\/api.w.org\/{rel}","templated":true}]}}